{"id":8636,"date":"2025-03-04T18:21:30","date_gmt":"2025-03-04T18:21:30","guid":{"rendered":"https:\/\/porfirios.com.mx\/en\/?page_id=8636"},"modified":"2025-03-04T18:21:52","modified_gmt":"2025-03-04T18:21:52","slug":"linktree-tripadvisor","status":"publish","type":"page","link":"https:\/\/porfirios.com.mx\/en\/linktree-tripadvisor\/","title":{"rendered":"Linktree Tripadvisor"},"content":{"rendered":"\t\t<div data-elementor-type=\"wp-page\" data-elementor-id=\"8636\" class=\"elementor elementor-8636\" data-elementor-post-type=\"page\">\n\t\t\t\t\t\t<section class=\"elementor-section elementor-top-section elementor-element elementor-element-84a5436 ot-traditional elementor-section-boxed elementor-section-height-default elementor-section-height-default\" data-id=\"84a5436\" data-element_type=\"section\">\n\t\t\t\t\t\t<div class=\"elementor-container elementor-column-gap-default\">\n\t\t\t\t\t<div class=\"elementor-column elementor-col-100 elementor-top-column elementor-element elementor-element-5a970f7 ot-flex-column-vertical\" data-id=\"5a970f7\" data-element_type=\"column\">\n\t\t\t<div class=\"elementor-widget-wrap elementor-element-populated\">\n\t\t\t\t\t\t<div class=\"elementor-element elementor-element-bce13ac elementor-align-center button-linktree elementor-widget elementor-widget-button\" data-id=\"bce13ac\" data-element_type=\"widget\" data-widget_type=\"button.default\">\n\t\t\t\t<div class=\"elementor-widget-container\">\n\t\t\t\t\t\t\t\t\t<div class=\"elementor-button-wrapper\">\n\t\t\t\t\t<a class=\"elementor-button elementor-button-link elementor-size-sm\" href=\"https:\/\/www.tripadvisor.com.mx\/Restaurant_Review-g150812-d17328287-Reviews-Porfirio_s_Restaurante-Playa_del_Carmen_Yucatan_Peninsula.html?m=69573\">\n\t\t\t\t\t\t<span class=\"elementor-button-content-wrapper\">\n\t\t\t\t\t\t\t\t\t<span class=\"elementor-button-text\">PLAYA DEL CARMEN<\/span>\n\t\t\t\t\t<\/span>\n\t\t\t\t\t<\/a>\n\t\t\t\t<\/div>\n\t\t\t\t\t\t\t\t<\/div>\n\t\t\t\t<\/div>\n\t\t\t\t<div class=\"elementor-element elementor-element-8b4e6ad elementor-align-center button-linktree elementor-widget elementor-widget-button\" data-id=\"8b4e6ad\" data-element_type=\"widget\" data-widget_type=\"button.default\">\n\t\t\t\t<div class=\"elementor-widget-container\">\n\t\t\t\t\t\t\t\t\t<div class=\"elementor-button-wrapper\">\n\t\t\t\t\t<a class=\"elementor-button elementor-button-link elementor-size-sm\" href=\"https:\/\/www.tripadvisor.com.mx\/Restaurant_Review-g150800-d25266447-Reviews-Porfirio_s_Coyoacan-Mexico_City_Central_Mexico_and_Gulf_Coast.html?m=69573\">\n\t\t\t\t\t\t<span class=\"elementor-button-content-wrapper\">\n\t\t\t\t\t\t\t\t\t<span class=\"elementor-button-text\">COYOAC\u00c1N<\/span>\n\t\t\t\t\t<\/span>\n\t\t\t\t\t<\/a>\n\t\t\t\t<\/div>\n\t\t\t\t\t\t\t\t<\/div>\n\t\t\t\t<\/div>\n\t\t\t\t<div class=\"elementor-element elementor-element-efe6c9b elementor-align-center button-linktree elementor-widget elementor-widget-button\" data-id=\"efe6c9b\" data-element_type=\"widget\" data-widget_type=\"button.default\">\n\t\t\t\t<div class=\"elementor-widget-container\">\n\t\t\t\t\t\t\t\t\t<div class=\"elementor-button-wrapper\">\n\t\t\t\t\t<a class=\"elementor-button elementor-button-link elementor-size-sm\" href=\"https:\/\/www.tripadvisor.com.mx\/Restaurant_Review-g23240074-d25085019-Reviews-Porfirio_s_Tulum-Tulum_Beach_Tulum_Yucatan_Peninsula.html?m=69573\">\n\t\t\t\t\t\t<span class=\"elementor-button-content-wrapper\">\n\t\t\t\t\t\t\t\t\t<span class=\"elementor-button-text\">TULUM<\/span>\n\t\t\t\t\t<\/span>\n\t\t\t\t\t<\/a>\n\t\t\t\t<\/div>\n\t\t\t\t\t\t\t\t<\/div>\n\t\t\t\t<\/div>\n\t\t\t\t<div class=\"elementor-element elementor-element-c007a74 elementor-align-center button-linktree elementor-widget elementor-widget-button\" data-id=\"c007a74\" data-element_type=\"widget\" data-widget_type=\"button.default\">\n\t\t\t\t<div class=\"elementor-widget-container\">\n\t\t\t\t\t\t\t\t\t<div class=\"elementor-button-wrapper\">\n\t\t\t\t\t<a class=\"elementor-button elementor-button-link elementor-size-sm\" href=\"https:\/\/www.tripadvisor.com.mx\/Restaurant_Review-g150800-d19078418-Reviews-Porfirio_s_Coapa-Mexico_City_Central_Mexico_and_Gulf_Coast.html?m=69573\">\n\t\t\t\t\t\t<span class=\"elementor-button-content-wrapper\">\n\t\t\t\t\t\t\t\t\t<span class=\"elementor-button-text\">COAPA<\/span>\n\t\t\t\t\t<\/span>\n\t\t\t\t\t<\/a>\n\t\t\t\t<\/div>\n\t\t\t\t\t\t\t\t<\/div>\n\t\t\t\t<\/div>\n\t\t\t\t<div class=\"elementor-element elementor-element-e2d0b79 elementor-align-center button-linktree elementor-widget elementor-widget-button\" data-id=\"e2d0b79\" data-element_type=\"widget\" data-widget_type=\"button.default\">\n\t\t\t\t<div class=\"elementor-widget-container\">\n\t\t\t\t\t\t\t\t\t<div class=\"elementor-button-wrapper\">\n\t\t\t\t\t<a class=\"elementor-button elementor-button-link elementor-size-sm\" href=\"https:\/\/www.tripadvisor.com.mx\/Restaurant_Review-g152773-d19425642-Reviews-Porfirio_s_Puebla-Puebla_Central_Mexico_and_Gulf_Coast.html?m=69573\">\n\t\t\t\t\t\t<span class=\"elementor-button-content-wrapper\">\n\t\t\t\t\t\t\t\t\t<span class=\"elementor-button-text\">PUEBLA<\/span>\n\t\t\t\t\t<\/span>\n\t\t\t\t\t<\/a>\n\t\t\t\t<\/div>\n\t\t\t\t\t\t\t\t<\/div>\n\t\t\t\t<\/div>\n\t\t\t\t<div class=\"elementor-element elementor-element-edd9cf9 elementor-align-center button-linktree elementor-widget elementor-widget-button\" data-id=\"edd9cf9\" data-element_type=\"widget\" data-widget_type=\"button.default\">\n\t\t\t\t<div class=\"elementor-widget-container\">\n\t\t\t\t\t\t\t\t\t<div class=\"elementor-button-wrapper\">\n\t\t\t\t\t<a class=\"elementor-button elementor-button-link elementor-size-sm\" href=\"https:\/\/www.tripadvisor.com.mx\/Restaurant_Review-g499418-d16710213-Reviews-Porfirio_s_Toreo-Naucalpan_Central_Mexico_and_Gulf_Coast.html?m=69573\">\n\t\t\t\t\t\t<span class=\"elementor-button-content-wrapper\">\n\t\t\t\t\t\t\t\t\t<span class=\"elementor-button-text\">TOREO<\/span>\n\t\t\t\t\t<\/span>\n\t\t\t\t\t<\/a>\n\t\t\t\t<\/div>\n\t\t\t\t\t\t\t\t<\/div>\n\t\t\t\t<\/div>\n\t\t\t\t<div class=\"elementor-element elementor-element-0345281 elementor-align-center button-linktree elementor-widget elementor-widget-button\" data-id=\"0345281\" data-element_type=\"widget\" data-widget_type=\"button.default\">\n\t\t\t\t<div class=\"elementor-widget-container\">\n\t\t\t\t\t\t\t\t\t<div class=\"elementor-button-wrapper\">\n\t\t\t\t\t<a class=\"elementor-button elementor-button-link elementor-size-sm\" href=\"https:\/\/www.tripadvisor.com.mx\/Restaurant_Review-g150798-d16640367-Reviews-Porfirio_s_Guadalajara-Guadalajara_Guadalajara_Metropolitan_Area.html?m=69573\">\n\t\t\t\t\t\t<span class=\"elementor-button-content-wrapper\">\n\t\t\t\t\t\t\t\t\t<span class=\"elementor-button-text\">GUADALAJARA<\/span>\n\t\t\t\t\t<\/span>\n\t\t\t\t\t<\/a>\n\t\t\t\t<\/div>\n\t\t\t\t\t\t\t\t<\/div>\n\t\t\t\t<\/div>\n\t\t\t\t<div class=\"elementor-element elementor-element-d6055e7 elementor-align-center button-linktree elementor-widget elementor-widget-button\" data-id=\"d6055e7\" data-element_type=\"widget\" data-widget_type=\"button.default\">\n\t\t\t\t<div class=\"elementor-widget-container\">\n\t\t\t\t\t\t\t\t\t<div class=\"elementor-button-wrapper\">\n\t\t\t\t\t<a class=\"elementor-button elementor-button-link elementor-size-sm\" href=\"https:\/\/www.tripadvisor.com.mx\/Restaurant_Review-g150811-d15813906-Reviews-Porfirio_s_Merida-Merida_Yucatan_Peninsula.html?m=69573\">\n\t\t\t\t\t\t<span class=\"elementor-button-content-wrapper\">\n\t\t\t\t\t\t\t\t\t<span class=\"elementor-button-text\">M\u00c9RIDA<\/span>\n\t\t\t\t\t<\/span>\n\t\t\t\t\t<\/a>\n\t\t\t\t<\/div>\n\t\t\t\t\t\t\t\t<\/div>\n\t\t\t\t<\/div>\n\t\t\t\t<div class=\"elementor-element elementor-element-45c2112 elementor-align-center button-linktree elementor-widget elementor-widget-button\" data-id=\"45c2112\" data-element_type=\"widget\" data-widget_type=\"button.default\">\n\t\t\t\t<div class=\"elementor-widget-container\">\n\t\t\t\t\t\t\t\t\t<div class=\"elementor-button-wrapper\">\n\t\t\t\t\t<a class=\"elementor-button elementor-button-link elementor-size-sm\" href=\"https:\/\/www.tripadvisor.com.mx\/Restaurant_Review-g150807-d8002763-Reviews-Porfirio_s_Cancun-Cancun_Yucatan_Peninsula.html?m=69573\">\n\t\t\t\t\t\t<span class=\"elementor-button-content-wrapper\">\n\t\t\t\t\t\t\t\t\t<span class=\"elementor-button-text\">CANC\u00daN<\/span>\n\t\t\t\t\t<\/span>\n\t\t\t\t\t<\/a>\n\t\t\t\t<\/div>\n\t\t\t\t\t\t\t\t<\/div>\n\t\t\t\t<\/div>\n\t\t\t\t<div class=\"elementor-element elementor-element-3a38ef5 elementor-align-center button-linktree elementor-widget elementor-widget-button\" data-id=\"3a38ef5\" data-element_type=\"widget\" data-widget_type=\"button.default\">\n\t\t\t\t<div class=\"elementor-widget-container\">\n\t\t\t\t\t\t\t\t\t<div class=\"elementor-button-wrapper\">\n\t\t\t\t\t<a class=\"elementor-button elementor-button-link elementor-size-sm\" href=\"https:\/\/www.tripadvisor.com.mx\/Restaurant_Review-g150800-d3172720-Reviews-Porfirio_s_Polanco-Mexico_City_Central_Mexico_and_Gulf_Coast.html?m=69573\">\n\t\t\t\t\t\t<span class=\"elementor-button-content-wrapper\">\n\t\t\t\t\t\t\t\t\t<span class=\"elementor-button-text\">POLANCO<\/span>\n\t\t\t\t\t<\/span>\n\t\t\t\t\t<\/a>\n\t\t\t\t<\/div>\n\t\t\t\t\t\t\t\t<\/div>\n\t\t\t\t<\/div>\n\t\t\t\t\t<\/div>\n\t\t<\/div>\n\t\t\t\t\t<\/div>\n\t\t<\/section>\n\t\t\t\t<\/div>\n\t\t","protected":false},"excerpt":{"rendered":"<p>PLAYA DEL CARMEN COYOAC\u00c1N TULUM COAPA PUEBLA TOREO GUADALAJARA M\u00c9RIDA CANC\u00daN POLANCO<\/p>\n","protected":false},"author":1,"featured_media":0,"parent":0,"menu_order":0,"comment_status":"closed","ping_status":"closed","template":"","meta":{"_acf_changed":false,"footnotes":""},"class_list":["post-8636","page","type-page","status-publish","hentry"],"acf":[],"yoast_head":"<!-- This site is optimized with the Yoast SEO plugin v26.7 - https:\/\/yoast.com\/wordpress\/plugins\/seo\/ -->\n<title>Linktree Tripadvisor - PORFIRIO&#039;S \u2013 Contemporary Mexican food restaurant.<\/title>\n<meta name=\"robots\" content=\"index, follow, max-snippet:-1, max-image-preview:large, max-video-preview:-1\" \/>\n<link rel=\"canonical\" href=\"https:\/\/porfirios.com.mx\/en\/linktree-tripadvisor\/\" \/>\n<meta property=\"og:locale\" content=\"en_US\" \/>\n<meta property=\"og:type\" content=\"article\" \/>\n<meta property=\"og:title\" content=\"Linktree Tripadvisor - PORFIRIO&#039;S \u2013 Contemporary Mexican food restaurant.\" \/>\n<meta property=\"og:description\" content=\"PLAYA DEL CARMEN COYOAC\u00c1N TULUM COAPA PUEBLA TOREO GUADALAJARA M\u00c9RIDA CANC\u00daN POLANCO\" \/>\n<meta property=\"og:url\" content=\"https:\/\/porfirios.com.mx\/en\/linktree-tripadvisor\/\" \/>\n<meta property=\"og:site_name\" content=\"PORFIRIO&#039;S \u2013 Contemporary Mexican food restaurant.\" \/>\n<meta property=\"article:modified_time\" content=\"2025-03-04T18:21:52+00:00\" \/>\n<meta name=\"twitter:card\" content=\"summary_large_image\" \/>\n<script type=\"application\/ld+json\" class=\"yoast-schema-graph\">{\"@context\":\"https:\/\/schema.org\",\"@graph\":[{\"@type\":\"WebPage\",\"@id\":\"https:\/\/porfirios.com.mx\/en\/linktree-tripadvisor\/\",\"url\":\"https:\/\/porfirios.com.mx\/en\/linktree-tripadvisor\/\",\"name\":\"Linktree Tripadvisor - PORFIRIO&#039;S \u2013 Contemporary Mexican food restaurant.\",\"isPartOf\":{\"@id\":\"https:\/\/porfirios.com.mx\/en\/#website\"},\"datePublished\":\"2025-03-04T18:21:30+00:00\",\"dateModified\":\"2025-03-04T18:21:52+00:00\",\"breadcrumb\":{\"@id\":\"https:\/\/porfirios.com.mx\/en\/linktree-tripadvisor\/#breadcrumb\"},\"inLanguage\":\"en-US\",\"potentialAction\":[{\"@type\":\"ReadAction\",\"target\":[\"https:\/\/porfirios.com.mx\/en\/linktree-tripadvisor\/\"]}]},{\"@type\":\"BreadcrumbList\",\"@id\":\"https:\/\/porfirios.com.mx\/en\/linktree-tripadvisor\/#breadcrumb\",\"itemListElement\":[{\"@type\":\"ListItem\",\"position\":1,\"name\":\"Inicio\",\"item\":\"https:\/\/porfirios.com.mx\/en\/\"},{\"@type\":\"ListItem\",\"position\":2,\"name\":\"Linktree Tripadvisor\"}]},{\"@type\":\"WebSite\",\"@id\":\"https:\/\/porfirios.com.mx\/en\/#website\",\"url\":\"https:\/\/porfirios.com.mx\/en\/\",\"name\":\"PORFIRIO&#039;S \u2013 Contemporary Mexican food restaurant.\",\"description\":\"Porfirio&#039;s is a restaurant that celebrates the best of Mexico, transforming its traditional flavors, textures and aromas into the most exquisite dishes of Mexican haute cuisine. CDMX. Cancun, Puerto Vallarta, Guadalajara, M\u00e9rida, Puebla and Playa de Carmen.\",\"potentialAction\":[{\"@type\":\"SearchAction\",\"target\":{\"@type\":\"EntryPoint\",\"urlTemplate\":\"https:\/\/porfirios.com.mx\/en\/?s={search_term_string}\"},\"query-input\":{\"@type\":\"PropertyValueSpecification\",\"valueRequired\":true,\"valueName\":\"search_term_string\"}}],\"inLanguage\":\"en-US\"}]}<\/script>\n<!-- \/ Yoast SEO plugin. -->","yoast_head_json":{"title":"Linktree Tripadvisor - PORFIRIO&#039;S \u2013 Contemporary Mexican food restaurant.","robots":{"index":"index","follow":"follow","max-snippet":"max-snippet:-1","max-image-preview":"max-image-preview:large","max-video-preview":"max-video-preview:-1"},"canonical":"https:\/\/porfirios.com.mx\/en\/linktree-tripadvisor\/","og_locale":"en_US","og_type":"article","og_title":"Linktree Tripadvisor - PORFIRIO&#039;S \u2013 Contemporary Mexican food restaurant.","og_description":"PLAYA DEL CARMEN COYOAC\u00c1N TULUM COAPA PUEBLA TOREO GUADALAJARA M\u00c9RIDA CANC\u00daN POLANCO","og_url":"https:\/\/porfirios.com.mx\/en\/linktree-tripadvisor\/","og_site_name":"PORFIRIO&#039;S \u2013 Contemporary Mexican food restaurant.","article_modified_time":"2025-03-04T18:21:52+00:00","twitter_card":"summary_large_image","schema":{"@context":"https:\/\/schema.org","@graph":[{"@type":"WebPage","@id":"https:\/\/porfirios.com.mx\/en\/linktree-tripadvisor\/","url":"https:\/\/porfirios.com.mx\/en\/linktree-tripadvisor\/","name":"Linktree Tripadvisor - PORFIRIO&#039;S \u2013 Contemporary Mexican food restaurant.","isPartOf":{"@id":"https:\/\/porfirios.com.mx\/en\/#website"},"datePublished":"2025-03-04T18:21:30+00:00","dateModified":"2025-03-04T18:21:52+00:00","breadcrumb":{"@id":"https:\/\/porfirios.com.mx\/en\/linktree-tripadvisor\/#breadcrumb"},"inLanguage":"en-US","potentialAction":[{"@type":"ReadAction","target":["https:\/\/porfirios.com.mx\/en\/linktree-tripadvisor\/"]}]},{"@type":"BreadcrumbList","@id":"https:\/\/porfirios.com.mx\/en\/linktree-tripadvisor\/#breadcrumb","itemListElement":[{"@type":"ListItem","position":1,"name":"Inicio","item":"https:\/\/porfirios.com.mx\/en\/"},{"@type":"ListItem","position":2,"name":"Linktree Tripadvisor"}]},{"@type":"WebSite","@id":"https:\/\/porfirios.com.mx\/en\/#website","url":"https:\/\/porfirios.com.mx\/en\/","name":"PORFIRIO&#039;S \u2013 Contemporary Mexican food restaurant.","description":"Porfirio&#039;s is a restaurant that celebrates the best of Mexico, transforming its traditional flavors, textures and aromas into the most exquisite dishes of Mexican haute cuisine. CDMX. Cancun, Puerto Vallarta, Guadalajara, M\u00e9rida, Puebla and Playa de Carmen.","potentialAction":[{"@type":"SearchAction","target":{"@type":"EntryPoint","urlTemplate":"https:\/\/porfirios.com.mx\/en\/?s={search_term_string}"},"query-input":{"@type":"PropertyValueSpecification","valueRequired":true,"valueName":"search_term_string"}}],"inLanguage":"en-US"}]}},"_links":{"self":[{"href":"https:\/\/porfirios.com.mx\/en\/wp-json\/wp\/v2\/pages\/8636","targetHints":{"allow":["GET"]}}],"collection":[{"href":"https:\/\/porfirios.com.mx\/en\/wp-json\/wp\/v2\/pages"}],"about":[{"href":"https:\/\/porfirios.com.mx\/en\/wp-json\/wp\/v2\/types\/page"}],"author":[{"embeddable":true,"href":"https:\/\/porfirios.com.mx\/en\/wp-json\/wp\/v2\/users\/1"}],"replies":[{"embeddable":true,"href":"https:\/\/porfirios.com.mx\/en\/wp-json\/wp\/v2\/comments?post=8636"}],"version-history":[{"count":4,"href":"https:\/\/porfirios.com.mx\/en\/wp-json\/wp\/v2\/pages\/8636\/revisions"}],"predecessor-version":[{"id":8640,"href":"https:\/\/porfirios.com.mx\/en\/wp-json\/wp\/v2\/pages\/8636\/revisions\/8640"}],"wp:attachment":[{"href":"https:\/\/porfirios.com.mx\/en\/wp-json\/wp\/v2\/media?parent=8636"}],"curies":[{"name":"wp","href":"https:\/\/api.w.org\/{rel}","templated":true}]}}